{"id":27724,"date":"2017-01-23T09:34:48","date_gmt":"2017-01-23T09:34:48","guid":{"rendered":"http:\/\/stickers.dev\/product\/hondenpootjes-12\/"},"modified":"2017-05-28T17:54:01","modified_gmt":"2017-05-28T15:54:01","slug":"hondenpootjes-12","status":"publish","type":"product","link":"https:\/\/stickers.be\/fr_be\/autocollant\/pattes-de-chien-12\/","title":{"rendered":"pattes de chien-12"},"content":{"rendered":"","protected":false},"excerpt":{"rendered":"","protected":false},"featured_media":27725,"template":"","meta":{"_acf_changed":false,"inline_featured_image":false,"_joinchat":[]},"product_brand":[],"product_cat":[154],"product_tag":[],"class_list":{"0":"post-27724","1":"product","2":"type-product","3":"status-publish","4":"has-post-thumbnail","6":"product_cat-honden-stickers","8":"first","9":"instock","10":"taxable","11":"shipping-taxable","12":"purchasable","13":"product-type-variable","14":"has-default-attributes"},"acf":[],"yoast_head":"<!-- This site is optimized with the Yoast SEO plugin v26.8 - https:\/\/yoast.com\/product\/yoast-seo-wordpress\/ -->\n<title>gezichtje-hondenpoot-sticker : Stickers.be webshop<\/title>\n<meta name=\"description\" content=\"gezichtje-hondenpoot-sticker\" \/>\n<meta name=\"robots\" content=\"index, follow, max-snippet:-1, max-image-preview:large, max-video-preview:-1\" \/>\n<link rel=\"canonical\" href=\"https:\/\/stickers.be\/fr_be\/sticker\/hondenpootjes-12\/\" \/>\n<meta property=\"og:locale\" content=\"fr_FR\" \/>\n<meta property=\"og:type\" content=\"article\" \/>\n<meta property=\"og:title\" content=\"gezichtje-hondenpoot-sticker : Stickers.be webshop\" \/>\n<meta property=\"og:description\" content=\"gezichtje-hondenpoot-sticker\" \/>\n<meta property=\"og:url\" content=\"https:\/\/stickers.be\/fr_be\/sticker\/hondenpootjes-12\/\" \/>\n<meta property=\"og:site_name\" content=\"Stickers.be\" \/>\n<meta property=\"article:modified_time\" content=\"2017-05-28T15:54:01+00:00\" \/>\n<meta name=\"twitter:card\" content=\"summary_large_image\" \/>\n<script type=\"application\/ld+json\" class=\"yoast-schema-graph\">{\"@context\":\"https:\/\/schema.org\",\"@graph\":[{\"@type\":\"WebPage\",\"@id\":\"https:\/\/stickers.be\/sticker\/hondenpootjes-12\/\",\"url\":\"https:\/\/stickers.be\/sticker\/hondenpootjes-12\/\",\"name\":\"gezichtje-hondenpoot-sticker : Stickers.be webshop\",\"isPartOf\":{\"@id\":\"https:\/\/stickers.be\/en\/#website\"},\"primaryImageOfPage\":{\"@id\":\"https:\/\/stickers.be\/sticker\/hondenpootjes-12\/#primaryimage\"},\"image\":{\"@id\":\"https:\/\/stickers.be\/sticker\/hondenpootjes-12\/#primaryimage\"},\"thumbnailUrl\":\"https:\/\/stickers.be\/wp-content\/uploads\/2017\/01\/hondenpootjes-stickers-12.svg\",\"datePublished\":\"2017-01-23T09:34:48+00:00\",\"dateModified\":\"2017-05-28T15:54:01+00:00\",\"description\":\"gezichtje-hondenpoot-sticker\",\"breadcrumb\":{\"@id\":\"https:\/\/stickers.be\/sticker\/hondenpootjes-12\/#breadcrumb\"},\"inLanguage\":\"fr-BE\",\"potentialAction\":[{\"@type\":\"ReadAction\",\"target\":[\"https:\/\/stickers.be\/sticker\/hondenpootjes-12\/\"]}]},{\"@type\":\"ImageObject\",\"inLanguage\":\"fr-BE\",\"@id\":\"https:\/\/stickers.be\/sticker\/hondenpootjes-12\/#primaryimage\",\"url\":\"https:\/\/stickers.be\/wp-content\/uploads\/2017\/01\/hondenpootjes-stickers-12.svg\",\"contentUrl\":\"https:\/\/stickers.be\/wp-content\/uploads\/2017\/01\/hondenpootjes-stickers-12.svg\",\"caption\":\"gezichtje-hondenpoot-sticker\"},{\"@type\":\"BreadcrumbList\",\"@id\":\"https:\/\/stickers.be\/sticker\/hondenpootjes-12\/#breadcrumb\",\"itemListElement\":[{\"@type\":\"ListItem\",\"position\":1,\"name\":\"Home\",\"item\":\"https:\/\/stickers.be\/en\/\"},{\"@type\":\"ListItem\",\"position\":2,\"name\":\"Stickers maken, laten maken en bestellen\",\"item\":\"https:\/\/stickers.be\/en\/stickers\/\"},{\"@type\":\"ListItem\",\"position\":3,\"name\":\"hondenpootjes-12\"}]},{\"@type\":\"WebSite\",\"@id\":\"https:\/\/stickers.be\/en\/#website\",\"url\":\"https:\/\/stickers.be\/en\/\",\"name\":\"Stickers.be\",\"description\":\"Baby aan boord stickers, bloemen stickers, hondenstickers, paardenstickers, stickers van smileys, sport stickers, bumperstickers, \u2026\",\"publisher\":{\"@id\":\"https:\/\/stickers.be\/en\/#organization\"},\"potentialAction\":[{\"@type\":\"SearchAction\",\"target\":{\"@type\":\"EntryPoint\",\"urlTemplate\":\"https:\/\/stickers.be\/en\/?s={search_term_string}\"},\"query-input\":{\"@type\":\"PropertyValueSpecification\",\"valueRequired\":true,\"valueName\":\"search_term_string\"}}],\"inLanguage\":\"fr-BE\"},{\"@type\":\"Organization\",\"@id\":\"https:\/\/stickers.be\/en\/#organization\",\"name\":\"stickers.be\",\"url\":\"https:\/\/stickers.be\/en\/\",\"logo\":{\"@type\":\"ImageObject\",\"inLanguage\":\"fr-BE\",\"@id\":\"https:\/\/stickers.be\/en\/#\/schema\/logo\/image\/\",\"url\":\"\",\"contentUrl\":\"\",\"caption\":\"stickers.be\"},\"image\":{\"@id\":\"https:\/\/stickers.be\/en\/#\/schema\/logo\/image\/\"}}]}<\/script>\n<!-- \/ Yoast SEO plugin. -->","yoast_head_json":{"title":"autocollant patte de chien: boutique en ligne Stickers.be","description":"autocollant de patte de chien de visage","robots":{"index":"index","follow":"follow","max-snippet":"max-snippet:-1","max-image-preview":"max-image-preview:large","max-video-preview":"max-video-preview:-1"},"canonical":"https:\/\/stickers.be\/fr_be\/sticker\/hondenpootjes-12\/","og_locale":"fr_FR","og_type":"article","og_title":"gezichtje-hondenpoot-sticker : Stickers.be webshop","og_description":"gezichtje-hondenpoot-sticker","og_url":"https:\/\/stickers.be\/fr_be\/sticker\/hondenpootjes-12\/","og_site_name":"Stickers.be","article_modified_time":"2017-05-28T15:54:01+00:00","twitter_card":"summary_large_image","schema":{"@context":"https:\/\/schema.org","@graph":[{"@type":"WebPage","@id":"https:\/\/stickers.be\/sticker\/hondenpootjes-12\/","url":"https:\/\/stickers.be\/sticker\/hondenpootjes-12\/","name":"autocollant patte de chien: boutique en ligne Stickers.be","isPartOf":{"@id":"https:\/\/stickers.be\/en\/#website"},"primaryImageOfPage":{"@id":"https:\/\/stickers.be\/sticker\/hondenpootjes-12\/#primaryimage"},"image":{"@id":"https:\/\/stickers.be\/sticker\/hondenpootjes-12\/#primaryimage"},"thumbnailUrl":"https:\/\/stickers.be\/wp-content\/uploads\/2017\/01\/hondenpootjes-stickers-12.svg","datePublished":"2017-01-23T09:34:48+00:00","dateModified":"2017-05-28T15:54:01+00:00","description":"autocollant de patte de chien de visage","breadcrumb":{"@id":"https:\/\/stickers.be\/sticker\/hondenpootjes-12\/#breadcrumb"},"inLanguage":"fr-BE","potentialAction":[{"@type":"ReadAction","target":["https:\/\/stickers.be\/sticker\/hondenpootjes-12\/"]}]},{"@type":"ImageObject","inLanguage":"fr-BE","@id":"https:\/\/stickers.be\/sticker\/hondenpootjes-12\/#primaryimage","url":"https:\/\/stickers.be\/wp-content\/uploads\/2017\/01\/hondenpootjes-stickers-12.svg","contentUrl":"https:\/\/stickers.be\/wp-content\/uploads\/2017\/01\/hondenpootjes-stickers-12.svg","caption":"gezichtje-hondenpoot-sticker"},{"@type":"BreadcrumbList","@id":"https:\/\/stickers.be\/sticker\/hondenpootjes-12\/#breadcrumb","itemListElement":[{"@type":"ListItem","position":1,"name":"Home","item":"https:\/\/stickers.be\/en\/"},{"@type":"ListItem","position":2,"name":"Stickers maken, laten maken en bestellen","item":"https:\/\/stickers.be\/en\/stickers\/"},{"@type":"ListItem","position":3,"name":"hondenpootjes-12"}]},{"@type":"WebSite","@id":"https:\/\/stickers.be\/en\/#website","url":"https:\/\/stickers.be\/en\/","name":"Stickers.be","description":"Autocollants b\u00e9b\u00e9 \u00e0 bord, autocollants fleurs, autocollants chiens, autocollants chevaux, autocollants smiley, autocollants sports, autocollants pare-chocs, ...","publisher":{"@id":"https:\/\/stickers.be\/en\/#organization"},"potentialAction":[{"@type":"SearchAction","target":{"@type":"EntryPoint","urlTemplate":"https:\/\/stickers.be\/en\/?s={search_term_string}"},"query-input":{"@type":"PropertyValueSpecification","valueRequired":true,"valueName":"search_term_string"}}],"inLanguage":"fr-BE"},{"@type":"Organization","@id":"https:\/\/stickers.be\/en\/#organization","name":"stickers.be","url":"https:\/\/stickers.be\/en\/","logo":{"@type":"ImageObject","inLanguage":"fr-BE","@id":"https:\/\/stickers.be\/en\/#\/schema\/logo\/image\/","url":"","contentUrl":"","caption":"stickers.be"},"image":{"@id":"https:\/\/stickers.be\/en\/#\/schema\/logo\/image\/"}}]}},"_links":{"self":[{"href":"https:\/\/stickers.be\/fr_be\/wp-json\/wp\/v2\/product\/27724","targetHints":{"allow":["GET"]}}],"collection":[{"href":"https:\/\/stickers.be\/fr_be\/wp-json\/wp\/v2\/product"}],"about":[{"href":"https:\/\/stickers.be\/fr_be\/wp-json\/wp\/v2\/types\/product"}],"wp:featuredmedia":[{"embeddable":true,"href":"https:\/\/stickers.be\/fr_be\/wp-json\/wp\/v2\/media\/27725"}],"wp:attachment":[{"href":"https:\/\/stickers.be\/fr_be\/wp-json\/wp\/v2\/media?parent=27724"}],"wp:term":[{"taxonomy":"product_brand","embeddable":true,"href":"https:\/\/stickers.be\/fr_be\/wp-json\/wp\/v2\/product_brand?post=27724"},{"taxonomy":"product_cat","embeddable":true,"href":"https:\/\/stickers.be\/fr_be\/wp-json\/wp\/v2\/product_cat?post=27724"},{"taxonomy":"product_tag","embeddable":true,"href":"https:\/\/stickers.be\/fr_be\/wp-json\/wp\/v2\/product_tag?post=27724"}],"curies":[{"name":"wp","href":"https:\/\/api.w.org\/{rel}","templated":true}]}}