{"id":55902,"date":"2018-09-23T08:47:21","date_gmt":"2018-09-23T06:47:21","guid":{"rendered":"http:\/\/stickersbe.webhosting.be\/?post_type=product&#038;p=55902"},"modified":"2021-01-06T11:59:52","modified_gmt":"2021-01-06T10:59:52","slug":"sticker-schommelpaard-1","status":"publish","type":"product","link":"https:\/\/stickers.be\/fr_be\/autocollant\/autocollant-cheval-a-bascule-1\/","title":{"rendered":"cheval \u00e0 bascule-1"},"content":{"rendered":"","protected":false},"excerpt":{"rendered":"","protected":false},"featured_media":86210,"template":"","meta":{"_acf_changed":false,"inline_featured_image":false,"_joinchat":[]},"product_brand":[],"product_cat":[135,153],"product_tag":[],"class_list":{"0":"post-55902","1":"product","2":"type-product","3":"status-publish","4":"has-post-thumbnail","6":"product_cat-baby-stickers-en-kinder-stickers","7":"product_cat-dieren-stickers-allerlei","9":"first","10":"instock","11":"taxable","12":"shipping-taxable","13":"purchasable","14":"product-type-variable","15":"has-default-attributes"},"acf":[],"yoast_head":"<!-- This site is optimized with the Yoast SEO plugin v26.8 - https:\/\/yoast.com\/product\/yoast-seo-wordpress\/ -->\n<title>schommelpaard-1 : Stickers.be webshop<\/title>\n<meta name=\"description\" content=\"Sticker schommelpaard-1 : een leuk schommelpaardje.\" \/>\n<meta name=\"robots\" content=\"index, follow, max-snippet:-1, max-image-preview:large, max-video-preview:-1\" \/>\n<link rel=\"canonical\" href=\"https:\/\/stickers.be\/fr_be\/sticker\/sticker-schommelpaard-1\/\" \/>\n<meta property=\"og:locale\" content=\"fr_FR\" \/>\n<meta property=\"og:type\" content=\"article\" \/>\n<meta property=\"og:title\" content=\"schommelpaard-1 : Stickers.be webshop\" \/>\n<meta property=\"og:description\" content=\"Sticker schommelpaard-1 : een leuk schommelpaardje.\" \/>\n<meta property=\"og:url\" content=\"https:\/\/stickers.be\/fr_be\/sticker\/sticker-schommelpaard-1\/\" \/>\n<meta property=\"og:site_name\" content=\"Stickers.be\" \/>\n<meta property=\"article:modified_time\" content=\"2021-01-06T10:59:52+00:00\" \/>\n<meta name=\"twitter:card\" content=\"summary_large_image\" \/>\n<script type=\"application\/ld+json\" class=\"yoast-schema-graph\">{\"@context\":\"https:\/\/schema.org\",\"@graph\":[{\"@type\":\"WebPage\",\"@id\":\"https:\/\/stickers.be\/sticker\/sticker-schommelpaard-1\/\",\"url\":\"https:\/\/stickers.be\/sticker\/sticker-schommelpaard-1\/\",\"name\":\"schommelpaard-1 : Stickers.be webshop\",\"isPartOf\":{\"@id\":\"https:\/\/stickers.be\/en\/#website\"},\"primaryImageOfPage\":{\"@id\":\"https:\/\/stickers.be\/sticker\/sticker-schommelpaard-1\/#primaryimage\"},\"image\":{\"@id\":\"https:\/\/stickers.be\/sticker\/sticker-schommelpaard-1\/#primaryimage\"},\"thumbnailUrl\":\"https:\/\/stickers.be\/wp-content\/uploads\/2021\/01\/schommelpaard-1.svg\",\"datePublished\":\"2018-09-23T06:47:21+00:00\",\"dateModified\":\"2021-01-06T10:59:52+00:00\",\"description\":\"Sticker schommelpaard-1 : een leuk schommelpaardje.\",\"breadcrumb\":{\"@id\":\"https:\/\/stickers.be\/sticker\/sticker-schommelpaard-1\/#breadcrumb\"},\"inLanguage\":\"fr-BE\",\"potentialAction\":[{\"@type\":\"ReadAction\",\"target\":[\"https:\/\/stickers.be\/sticker\/sticker-schommelpaard-1\/\"]}]},{\"@type\":\"ImageObject\",\"inLanguage\":\"fr-BE\",\"@id\":\"https:\/\/stickers.be\/sticker\/sticker-schommelpaard-1\/#primaryimage\",\"url\":\"https:\/\/stickers.be\/wp-content\/uploads\/2021\/01\/schommelpaard-1.svg\",\"contentUrl\":\"https:\/\/stickers.be\/wp-content\/uploads\/2021\/01\/schommelpaard-1.svg\",\"width\":632,\"height\":595},{\"@type\":\"BreadcrumbList\",\"@id\":\"https:\/\/stickers.be\/sticker\/sticker-schommelpaard-1\/#breadcrumb\",\"itemListElement\":[{\"@type\":\"ListItem\",\"position\":1,\"name\":\"Home\",\"item\":\"https:\/\/stickers.be\/en\/\"},{\"@type\":\"ListItem\",\"position\":2,\"name\":\"Stickers maken, laten maken en bestellen\",\"item\":\"https:\/\/stickers.be\/en\/stickers\/\"},{\"@type\":\"ListItem\",\"position\":3,\"name\":\"schommelpaard-1\"}]},{\"@type\":\"WebSite\",\"@id\":\"https:\/\/stickers.be\/en\/#website\",\"url\":\"https:\/\/stickers.be\/en\/\",\"name\":\"Stickers.be\",\"description\":\"Baby aan boord stickers, bloemen stickers, hondenstickers, paardenstickers, stickers van smileys, sport stickers, bumperstickers, \u2026\",\"publisher\":{\"@id\":\"https:\/\/stickers.be\/en\/#organization\"},\"potentialAction\":[{\"@type\":\"SearchAction\",\"target\":{\"@type\":\"EntryPoint\",\"urlTemplate\":\"https:\/\/stickers.be\/en\/?s={search_term_string}\"},\"query-input\":{\"@type\":\"PropertyValueSpecification\",\"valueRequired\":true,\"valueName\":\"search_term_string\"}}],\"inLanguage\":\"fr-BE\"},{\"@type\":\"Organization\",\"@id\":\"https:\/\/stickers.be\/en\/#organization\",\"name\":\"stickers.be\",\"url\":\"https:\/\/stickers.be\/en\/\",\"logo\":{\"@type\":\"ImageObject\",\"inLanguage\":\"fr-BE\",\"@id\":\"https:\/\/stickers.be\/en\/#\/schema\/logo\/image\/\",\"url\":\"\",\"contentUrl\":\"\",\"caption\":\"stickers.be\"},\"image\":{\"@id\":\"https:\/\/stickers.be\/en\/#\/schema\/logo\/image\/\"}}]}<\/script>\n<!-- \/ Yoast SEO plugin. -->","yoast_head_json":{"title":"cheval \u00e0 bascule-1: boutique en ligne Stickers.be","description":"sticker cheval \u00e0 bascule-1: un cheval \u00e0 bascule amusant.","robots":{"index":"index","follow":"follow","max-snippet":"max-snippet:-1","max-image-preview":"max-image-preview:large","max-video-preview":"max-video-preview:-1"},"canonical":"https:\/\/stickers.be\/fr_be\/sticker\/sticker-schommelpaard-1\/","og_locale":"fr_FR","og_type":"article","og_title":"schommelpaard-1 : Stickers.be webshop","og_description":"Sticker schommelpaard-1 : een leuk schommelpaardje.","og_url":"https:\/\/stickers.be\/fr_be\/sticker\/sticker-schommelpaard-1\/","og_site_name":"Stickers.be","article_modified_time":"2021-01-06T10:59:52+00:00","twitter_card":"summary_large_image","schema":{"@context":"https:\/\/schema.org","@graph":[{"@type":"WebPage","@id":"https:\/\/stickers.be\/sticker\/sticker-schommelpaard-1\/","url":"https:\/\/stickers.be\/sticker\/sticker-schommelpaard-1\/","name":"cheval \u00e0 bascule-1: boutique en ligne Stickers.be","isPartOf":{"@id":"https:\/\/stickers.be\/en\/#website"},"primaryImageOfPage":{"@id":"https:\/\/stickers.be\/sticker\/sticker-schommelpaard-1\/#primaryimage"},"image":{"@id":"https:\/\/stickers.be\/sticker\/sticker-schommelpaard-1\/#primaryimage"},"thumbnailUrl":"https:\/\/stickers.be\/wp-content\/uploads\/2021\/01\/schommelpaard-1.svg","datePublished":"2018-09-23T06:47:21+00:00","dateModified":"2021-01-06T10:59:52+00:00","description":"sticker cheval \u00e0 bascule-1: un cheval \u00e0 bascule amusant.","breadcrumb":{"@id":"https:\/\/stickers.be\/sticker\/sticker-schommelpaard-1\/#breadcrumb"},"inLanguage":"fr-BE","potentialAction":[{"@type":"ReadAction","target":["https:\/\/stickers.be\/sticker\/sticker-schommelpaard-1\/"]}]},{"@type":"ImageObject","inLanguage":"fr-BE","@id":"https:\/\/stickers.be\/sticker\/sticker-schommelpaard-1\/#primaryimage","url":"https:\/\/stickers.be\/wp-content\/uploads\/2021\/01\/schommelpaard-1.svg","contentUrl":"https:\/\/stickers.be\/wp-content\/uploads\/2021\/01\/schommelpaard-1.svg","width":632,"height":595},{"@type":"BreadcrumbList","@id":"https:\/\/stickers.be\/sticker\/sticker-schommelpaard-1\/#breadcrumb","itemListElement":[{"@type":"ListItem","position":1,"name":"Home","item":"https:\/\/stickers.be\/en\/"},{"@type":"ListItem","position":2,"name":"Stickers maken, laten maken en bestellen","item":"https:\/\/stickers.be\/en\/stickers\/"},{"@type":"ListItem","position":3,"name":"schommelpaard-1"}]},{"@type":"WebSite","@id":"https:\/\/stickers.be\/en\/#website","url":"https:\/\/stickers.be\/en\/","name":"Stickers.be","description":"Autocollants b\u00e9b\u00e9 \u00e0 bord, autocollants fleurs, autocollants chiens, autocollants chevaux, autocollants smiley, autocollants sports, autocollants pare-chocs, ...","publisher":{"@id":"https:\/\/stickers.be\/en\/#organization"},"potentialAction":[{"@type":"SearchAction","target":{"@type":"EntryPoint","urlTemplate":"https:\/\/stickers.be\/en\/?s={search_term_string}"},"query-input":{"@type":"PropertyValueSpecification","valueRequired":true,"valueName":"search_term_string"}}],"inLanguage":"fr-BE"},{"@type":"Organization","@id":"https:\/\/stickers.be\/en\/#organization","name":"stickers.be","url":"https:\/\/stickers.be\/en\/","logo":{"@type":"ImageObject","inLanguage":"fr-BE","@id":"https:\/\/stickers.be\/en\/#\/schema\/logo\/image\/","url":"","contentUrl":"","caption":"stickers.be"},"image":{"@id":"https:\/\/stickers.be\/en\/#\/schema\/logo\/image\/"}}]}},"_links":{"self":[{"href":"https:\/\/stickers.be\/fr_be\/wp-json\/wp\/v2\/product\/55902","targetHints":{"allow":["GET"]}}],"collection":[{"href":"https:\/\/stickers.be\/fr_be\/wp-json\/wp\/v2\/product"}],"about":[{"href":"https:\/\/stickers.be\/fr_be\/wp-json\/wp\/v2\/types\/product"}],"wp:featuredmedia":[{"embeddable":true,"href":"https:\/\/stickers.be\/fr_be\/wp-json\/wp\/v2\/media\/86210"}],"wp:attachment":[{"href":"https:\/\/stickers.be\/fr_be\/wp-json\/wp\/v2\/media?parent=55902"}],"wp:term":[{"taxonomy":"product_brand","embeddable":true,"href":"https:\/\/stickers.be\/fr_be\/wp-json\/wp\/v2\/product_brand?post=55902"},{"taxonomy":"product_cat","embeddable":true,"href":"https:\/\/stickers.be\/fr_be\/wp-json\/wp\/v2\/product_cat?post=55902"},{"taxonomy":"product_tag","embeddable":true,"href":"https:\/\/stickers.be\/fr_be\/wp-json\/wp\/v2\/product_tag?post=55902"}],"curies":[{"name":"wp","href":"https:\/\/api.w.org\/{rel}","templated":true}]}}